{"id":5562,"date":"2022-09-25T12:00:43","date_gmt":"2022-09-25T10:00:43","guid":{"rendered":"https:\/\/codipro.net\/produits\/anneau-de-levage-a-double-articulation-femelle-fe-dsr\/"},"modified":"2024-09-16T13:30:30","modified_gmt":"2024-09-16T11:30:30","slug":"cancamo-de-elevacion-hembra-a-doble-articulacion-fe-dsr","status":"publish","type":"product","link":"https:\/\/codipro.net\/es\/productos\/cancamo-de-elevacion-hembra-a-doble-articulacion-fe-dsr\/","title":{"rendered":"<strong>FE.DSR<\/strong> <br \/>C\u00e1ncamo de elevaci\u00f3n hembra a doble articulaci\u00f3n"},"content":{"rendered":"","protected":false},"excerpt":{"rendered":"","protected":false},"author":3,"featured_media":7551,"parent":0,"comment_status":"closed","ping_status":"closed","template":"","meta":{"_acf_changed":false,"inline_featured_image":false,"footnotes":""},"class_list":["post-5562","product","type-product","status-publish","has-post-thumbnail","hentry","product_category-cancamos-de-elevacion-de-acero","product_category-doble-articulacion"],"acf":[],"yoast_head":"<!-- This site is optimized with the Yoast SEO plugin v26.1.1 - https:\/\/yoast.com\/wordpress\/plugins\/seo\/ -->\n<title>FE.DSR C\u00e1ncamo de elevaci\u00f3n hembra a doble articulaci\u00f3n<\/title>\n<meta name=\"description\" content=\"El c\u00e1ncamo de elevaci\u00f3n FE.DSR es un c\u00e1ncamo de doble articulaci\u00f3n hembra. Se compone de un c\u00e1ncamo de acero GRADUP.\" \/>\n<meta name=\"robots\" content=\"index, follow, max-snippet:-1, max-image-preview:large, max-video-preview:-1\" \/>\n<link rel=\"canonical\" href=\"https:\/\/codipro.net\/es\/productos\/cancamo-de-elevacion-hembra-a-doble-articulacion-fe-dsr\/\" \/>\n<meta property=\"og:locale\" content=\"es_ES\" \/>\n<meta property=\"og:type\" content=\"article\" \/>\n<meta property=\"og:title\" content=\"FE.DSR C\u00e1ncamo de elevaci\u00f3n hembra a doble articulaci\u00f3n\" \/>\n<meta property=\"og:description\" content=\"El c\u00e1ncamo de elevaci\u00f3n FE.DSR es un c\u00e1ncamo de doble articulaci\u00f3n hembra. Se compone de un c\u00e1ncamo de acero GRADUP.\" \/>\n<meta property=\"og:url\" content=\"https:\/\/codipro.net\/es\/productos\/cancamo-de-elevacion-hembra-a-doble-articulacion-fe-dsr\/\" \/>\n<meta property=\"og:site_name\" content=\"CODIPRO\" \/>\n<meta property=\"article:modified_time\" content=\"2024-09-16T11:30:30+00:00\" \/>\n<meta property=\"og:image\" content=\"https:\/\/codipro.net\/app\/uploads\/2022\/09\/codipro-fe-dsr-mini.jpg\" \/>\n\t<meta property=\"og:image:width\" content=\"463\" \/>\n\t<meta property=\"og:image:height\" content=\"260\" \/>\n\t<meta property=\"og:image:type\" content=\"image\/jpeg\" \/>\n<meta name=\"twitter:card\" content=\"summary_large_image\" \/>\n<meta name=\"twitter:label1\" content=\"Est. reading time\" \/>\n\t<meta name=\"twitter:data1\" content=\"2 minutes\" \/>\n<script type=\"application\/ld+json\" class=\"yoast-schema-graph\">{\"@context\":\"https:\/\/schema.org\",\"@graph\":[{\"@type\":\"WebPage\",\"@id\":\"https:\/\/codipro.net\/es\/productos\/cancamo-de-elevacion-hembra-a-doble-articulacion-fe-dsr\/\",\"url\":\"https:\/\/codipro.net\/es\/productos\/cancamo-de-elevacion-hembra-a-doble-articulacion-fe-dsr\/\",\"name\":\"FE.DSR C\u00e1ncamo de elevaci\u00f3n hembra a doble articulaci\u00f3n\",\"isPartOf\":{\"@id\":\"https:\/\/codipro.net\/es\/#website\"},\"primaryImageOfPage\":{\"@id\":\"https:\/\/codipro.net\/es\/productos\/cancamo-de-elevacion-hembra-a-doble-articulacion-fe-dsr\/#primaryimage\"},\"image\":{\"@id\":\"https:\/\/codipro.net\/es\/productos\/cancamo-de-elevacion-hembra-a-doble-articulacion-fe-dsr\/#primaryimage\"},\"thumbnailUrl\":\"https:\/\/codipro.net\/app\/uploads\/2022\/09\/codipro-fe-dsr-mini.jpg\",\"datePublished\":\"2022-09-25T10:00:43+00:00\",\"dateModified\":\"2024-09-16T11:30:30+00:00\",\"description\":\"El c\u00e1ncamo de elevaci\u00f3n FE.DSR es un c\u00e1ncamo de doble articulaci\u00f3n hembra. Se compone de un c\u00e1ncamo de acero GRADUP.\",\"breadcrumb\":{\"@id\":\"https:\/\/codipro.net\/es\/productos\/cancamo-de-elevacion-hembra-a-doble-articulacion-fe-dsr\/#breadcrumb\"},\"inLanguage\":\"es-ES\",\"potentialAction\":[{\"@type\":\"ReadAction\",\"target\":[\"https:\/\/codipro.net\/es\/productos\/cancamo-de-elevacion-hembra-a-doble-articulacion-fe-dsr\/\"]}]},{\"@type\":\"ImageObject\",\"inLanguage\":\"es-ES\",\"@id\":\"https:\/\/codipro.net\/es\/productos\/cancamo-de-elevacion-hembra-a-doble-articulacion-fe-dsr\/#primaryimage\",\"url\":\"https:\/\/codipro.net\/app\/uploads\/2022\/09\/codipro-fe-dsr-mini.jpg\",\"contentUrl\":\"https:\/\/codipro.net\/app\/uploads\/2022\/09\/codipro-fe-dsr-mini.jpg\",\"width\":463,\"height\":260,\"caption\":\"C\u00e1ncamo de elevaci\u00f3n hembra a doble articulaci\u00f3n FE.DSR | CODIPRO\"},{\"@type\":\"BreadcrumbList\",\"@id\":\"https:\/\/codipro.net\/es\/productos\/cancamo-de-elevacion-hembra-a-doble-articulacion-fe-dsr\/#breadcrumb\",\"itemListElement\":[{\"@type\":\"ListItem\",\"position\":1,\"name\":\"Home\",\"item\":\"https:\/\/codipro.net\/es\/\"},{\"@type\":\"ListItem\",\"position\":2,\"name\":\"Productos\",\"item\":\"https:\/\/codipro.net\/es\/productos\/\"},{\"@type\":\"ListItem\",\"position\":3,\"name\":\"FE.DSR C\u00e1ncamo de elevaci\u00f3n hembra a doble articulaci\u00f3n\"}]},{\"@type\":\"WebSite\",\"@id\":\"https:\/\/codipro.net\/es\/#website\",\"url\":\"https:\/\/codipro.net\/es\/\",\"name\":\"CODIPRO\",\"description\":\"El especialista en c\u00e1ncamos giratorios de elevaci\u00f3n\",\"publisher\":{\"@id\":\"https:\/\/codipro.net\/es\/#organization\"},\"potentialAction\":[{\"@type\":\"SearchAction\",\"target\":{\"@type\":\"EntryPoint\",\"urlTemplate\":\"https:\/\/codipro.net\/es\/?s={search_term_string}\"},\"query-input\":{\"@type\":\"PropertyValueSpecification\",\"valueRequired\":true,\"valueName\":\"search_term_string\"}}],\"inLanguage\":\"es-ES\"},{\"@type\":\"Organization\",\"@id\":\"https:\/\/codipro.net\/es\/#organization\",\"name\":\"CODIPRO\",\"url\":\"https:\/\/codipro.net\/es\/\",\"logo\":{\"@type\":\"ImageObject\",\"inLanguage\":\"es-ES\",\"@id\":\"https:\/\/codipro.net\/es\/#\/schema\/logo\/image\/\",\"url\":\"https:\/\/codipro.net\/app\/uploads\/2022\/08\/codipro-logo-1.svg\",\"contentUrl\":\"https:\/\/codipro.net\/app\/uploads\/2022\/08\/codipro-logo-1.svg\",\"width\":\"1024\",\"height\":\"1024\",\"caption\":\"CODIPRO\"},\"image\":{\"@id\":\"https:\/\/codipro.net\/es\/#\/schema\/logo\/image\/\"},\"sameAs\":[\"https:\/\/linkedin.com\/company\/codipro\",\"https:\/\/www.youtube.com\/c\/CodiproSAWiltz\",\"https:\/\/vimeo.com\/codipro\"]}]}<\/script>\n<!-- \/ Yoast SEO plugin. -->","yoast_head_json":{"title":"FE.DSR C\u00e1ncamo de elevaci\u00f3n hembra a doble articulaci\u00f3n","description":"El c\u00e1ncamo de elevaci\u00f3n FE.DSR es un c\u00e1ncamo de doble articulaci\u00f3n hembra. Se compone de un c\u00e1ncamo de acero GRADUP.","robots":{"index":"index","follow":"follow","max-snippet":"max-snippet:-1","max-image-preview":"max-image-preview:large","max-video-preview":"max-video-preview:-1"},"canonical":"https:\/\/codipro.net\/es\/productos\/cancamo-de-elevacion-hembra-a-doble-articulacion-fe-dsr\/","og_locale":"es_ES","og_type":"article","og_title":"FE.DSR C\u00e1ncamo de elevaci\u00f3n hembra a doble articulaci\u00f3n","og_description":"El c\u00e1ncamo de elevaci\u00f3n FE.DSR es un c\u00e1ncamo de doble articulaci\u00f3n hembra. Se compone de un c\u00e1ncamo de acero GRADUP.","og_url":"https:\/\/codipro.net\/es\/productos\/cancamo-de-elevacion-hembra-a-doble-articulacion-fe-dsr\/","og_site_name":"CODIPRO","article_modified_time":"2024-09-16T11:30:30+00:00","og_image":[{"width":463,"height":260,"url":"https:\/\/codipro.net\/app\/uploads\/2022\/09\/codipro-fe-dsr-mini.jpg","type":"image\/jpeg"}],"twitter_card":"summary_large_image","twitter_misc":{"Est. reading time":"2 minutes"},"schema":{"@context":"https:\/\/schema.org","@graph":[{"@type":"WebPage","@id":"https:\/\/codipro.net\/es\/productos\/cancamo-de-elevacion-hembra-a-doble-articulacion-fe-dsr\/","url":"https:\/\/codipro.net\/es\/productos\/cancamo-de-elevacion-hembra-a-doble-articulacion-fe-dsr\/","name":"FE.DSR C\u00e1ncamo de elevaci\u00f3n hembra a doble articulaci\u00f3n","isPartOf":{"@id":"https:\/\/codipro.net\/es\/#website"},"primaryImageOfPage":{"@id":"https:\/\/codipro.net\/es\/productos\/cancamo-de-elevacion-hembra-a-doble-articulacion-fe-dsr\/#primaryimage"},"image":{"@id":"https:\/\/codipro.net\/es\/productos\/cancamo-de-elevacion-hembra-a-doble-articulacion-fe-dsr\/#primaryimage"},"thumbnailUrl":"https:\/\/codipro.net\/app\/uploads\/2022\/09\/codipro-fe-dsr-mini.jpg","datePublished":"2022-09-25T10:00:43+00:00","dateModified":"2024-09-16T11:30:30+00:00","description":"El c\u00e1ncamo de elevaci\u00f3n FE.DSR es un c\u00e1ncamo de doble articulaci\u00f3n hembra. Se compone de un c\u00e1ncamo de acero GRADUP.","breadcrumb":{"@id":"https:\/\/codipro.net\/es\/productos\/cancamo-de-elevacion-hembra-a-doble-articulacion-fe-dsr\/#breadcrumb"},"inLanguage":"es-ES","potentialAction":[{"@type":"ReadAction","target":["https:\/\/codipro.net\/es\/productos\/cancamo-de-elevacion-hembra-a-doble-articulacion-fe-dsr\/"]}]},{"@type":"ImageObject","inLanguage":"es-ES","@id":"https:\/\/codipro.net\/es\/productos\/cancamo-de-elevacion-hembra-a-doble-articulacion-fe-dsr\/#primaryimage","url":"https:\/\/codipro.net\/app\/uploads\/2022\/09\/codipro-fe-dsr-mini.jpg","contentUrl":"https:\/\/codipro.net\/app\/uploads\/2022\/09\/codipro-fe-dsr-mini.jpg","width":463,"height":260,"caption":"C\u00e1ncamo de elevaci\u00f3n hembra a doble articulaci\u00f3n FE.DSR | CODIPRO"},{"@type":"BreadcrumbList","@id":"https:\/\/codipro.net\/es\/productos\/cancamo-de-elevacion-hembra-a-doble-articulacion-fe-dsr\/#breadcrumb","itemListElement":[{"@type":"ListItem","position":1,"name":"Home","item":"https:\/\/codipro.net\/es\/"},{"@type":"ListItem","position":2,"name":"Productos","item":"https:\/\/codipro.net\/es\/productos\/"},{"@type":"ListItem","position":3,"name":"FE.DSR C\u00e1ncamo de elevaci\u00f3n hembra a doble articulaci\u00f3n"}]},{"@type":"WebSite","@id":"https:\/\/codipro.net\/es\/#website","url":"https:\/\/codipro.net\/es\/","name":"CODIPRO","description":"El especialista en c\u00e1ncamos giratorios de elevaci\u00f3n","publisher":{"@id":"https:\/\/codipro.net\/es\/#organization"},"potentialAction":[{"@type":"SearchAction","target":{"@type":"EntryPoint","urlTemplate":"https:\/\/codipro.net\/es\/?s={search_term_string}"},"query-input":{"@type":"PropertyValueSpecification","valueRequired":true,"valueName":"search_term_string"}}],"inLanguage":"es-ES"},{"@type":"Organization","@id":"https:\/\/codipro.net\/es\/#organization","name":"CODIPRO","url":"https:\/\/codipro.net\/es\/","logo":{"@type":"ImageObject","inLanguage":"es-ES","@id":"https:\/\/codipro.net\/es\/#\/schema\/logo\/image\/","url":"https:\/\/codipro.net\/app\/uploads\/2022\/08\/codipro-logo-1.svg","contentUrl":"https:\/\/codipro.net\/app\/uploads\/2022\/08\/codipro-logo-1.svg","width":"1024","height":"1024","caption":"CODIPRO"},"image":{"@id":"https:\/\/codipro.net\/es\/#\/schema\/logo\/image\/"},"sameAs":["https:\/\/linkedin.com\/company\/codipro","https:\/\/www.youtube.com\/c\/CodiproSAWiltz","https:\/\/vimeo.com\/codipro"]}]}},"_links":{"self":[{"href":"https:\/\/codipro.net\/es\/wp-json\/wp\/v2\/product\/5562","targetHints":{"allow":["GET"]}}],"collection":[{"href":"https:\/\/codipro.net\/es\/wp-json\/wp\/v2\/product"}],"about":[{"href":"https:\/\/codipro.net\/es\/wp-json\/wp\/v2\/types\/product"}],"author":[{"embeddable":true,"href":"https:\/\/codipro.net\/es\/wp-json\/wp\/v2\/users\/3"}],"replies":[{"embeddable":true,"href":"https:\/\/codipro.net\/es\/wp-json\/wp\/v2\/comments?post=5562"}],"version-history":[{"count":8,"href":"https:\/\/codipro.net\/es\/wp-json\/wp\/v2\/product\/5562\/revisions"}],"predecessor-version":[{"id":15578,"href":"https:\/\/codipro.net\/es\/wp-json\/wp\/v2\/product\/5562\/revisions\/15578"}],"wp:featuredmedia":[{"embeddable":true,"href":"https:\/\/codipro.net\/es\/wp-json\/wp\/v2\/media\/7551"}],"wp:attachment":[{"href":"https:\/\/codipro.net\/es\/wp-json\/wp\/v2\/media?parent=5562"}],"curies":[{"name":"wp","href":"https:\/\/api.w.org\/{rel}","templated":true}]}}