{"id":18105,"date":"2025-07-16T09:39:39","date_gmt":"2025-07-16T07:39:39","guid":{"rendered":"https:\/\/codipro.net\/produits\/manille-de-levage-mla\/"},"modified":"2025-08-27T15:11:02","modified_gmt":"2025-08-27T13:11:02","slug":"manilha-de-elevacao-articulada-mla","status":"publish","type":"product","link":"https:\/\/codipro.net\/pt-pt\/produtos\/manilha-de-elevacao-articulada-mla\/","title":{"rendered":"<strong>MLA<\/strong> <br>Manilha de eleva\u00e7\u00e3o articulada"},"content":{"rendered":"\n<p><\/p>\n\n<p><\/p>\n","protected":false},"excerpt":{"rendered":"","protected":false},"author":4,"featured_media":17617,"parent":0,"comment_status":"closed","ping_status":"closed","template":"","meta":{"_acf_changed":false,"inline_featured_image":false,"footnotes":""},"class_list":["post-18105","product","type-product","status-publish","has-post-thumbnail","hentry","product_category-sistemas-de-elevacao-para-moldes-de-injecao"],"acf":[],"yoast_head":"<!-- This site is optimized with the Yoast SEO plugin v26.1.1 - https:\/\/yoast.com\/wordpress\/plugins\/seo\/ -->\n<title>MLA Manilha de eleva\u00e7\u00e3o articulada | CODIPRO<\/title>\n<meta name=\"description\" content=\"A manilha MLA \u00e9 projetada para elevar cargas de at\u00e9 250 toneladas!\" \/>\n<meta name=\"robots\" content=\"index, follow, max-snippet:-1, max-image-preview:large, max-video-preview:-1\" \/>\n<link rel=\"canonical\" href=\"https:\/\/codipro.net\/pt-pt\/produtos\/manilha-de-elevacao-articulada-mla\/\" \/>\n<meta property=\"og:locale\" content=\"pt_PT\" \/>\n<meta property=\"og:type\" content=\"article\" \/>\n<meta property=\"og:title\" content=\"MLA Manilha de eleva\u00e7\u00e3o articulada | CODIPRO\" \/>\n<meta property=\"og:description\" content=\"A manilha MLA \u00e9 projetada para elevar cargas de at\u00e9 250 toneladas!\" \/>\n<meta property=\"og:url\" content=\"https:\/\/codipro.net\/pt-pt\/produtos\/manilha-de-elevacao-articulada-mla\/\" \/>\n<meta property=\"og:site_name\" content=\"CODIPRO\" \/>\n<meta property=\"article:modified_time\" content=\"2025-08-27T13:11:02+00:00\" \/>\n<meta property=\"og:image\" content=\"https:\/\/codipro.net\/app\/uploads\/2025\/07\/mla.jpg\" \/>\n\t<meta property=\"og:image:width\" content=\"469\" \/>\n\t<meta property=\"og:image:height\" content=\"263\" \/>\n\t<meta property=\"og:image:type\" content=\"image\/jpeg\" \/>\n<meta name=\"twitter:card\" content=\"summary_large_image\" \/>\n<meta name=\"twitter:label1\" content=\"Est. reading time\" \/>\n\t<meta name=\"twitter:data1\" content=\"2 minutes\" \/>\n<script type=\"application\/ld+json\" class=\"yoast-schema-graph\">{\"@context\":\"https:\/\/schema.org\",\"@graph\":[{\"@type\":\"WebPage\",\"@id\":\"https:\/\/codipro.net\/pt-pt\/produtos\/manilha-de-elevacao-articulada-mla\/\",\"url\":\"https:\/\/codipro.net\/pt-pt\/produtos\/manilha-de-elevacao-articulada-mla\/\",\"name\":\"MLA Manilha de eleva\u00e7\u00e3o articulada | CODIPRO\",\"isPartOf\":{\"@id\":\"https:\/\/codipro.net\/pt-pt\/#website\"},\"primaryImageOfPage\":{\"@id\":\"https:\/\/codipro.net\/pt-pt\/produtos\/manilha-de-elevacao-articulada-mla\/#primaryimage\"},\"image\":{\"@id\":\"https:\/\/codipro.net\/pt-pt\/produtos\/manilha-de-elevacao-articulada-mla\/#primaryimage\"},\"thumbnailUrl\":\"https:\/\/codipro.net\/app\/uploads\/2025\/07\/mla.jpg\",\"datePublished\":\"2025-07-16T07:39:39+00:00\",\"dateModified\":\"2025-08-27T13:11:02+00:00\",\"description\":\"A manilha MLA \u00e9 projetada para elevar cargas de at\u00e9 250 toneladas!\",\"breadcrumb\":{\"@id\":\"https:\/\/codipro.net\/pt-pt\/produtos\/manilha-de-elevacao-articulada-mla\/#breadcrumb\"},\"inLanguage\":\"pt-PT\",\"potentialAction\":[{\"@type\":\"ReadAction\",\"target\":[\"https:\/\/codipro.net\/pt-pt\/produtos\/manilha-de-elevacao-articulada-mla\/\"]}]},{\"@type\":\"ImageObject\",\"inLanguage\":\"pt-PT\",\"@id\":\"https:\/\/codipro.net\/pt-pt\/produtos\/manilha-de-elevacao-articulada-mla\/#primaryimage\",\"url\":\"https:\/\/codipro.net\/app\/uploads\/2025\/07\/mla.jpg\",\"contentUrl\":\"https:\/\/codipro.net\/app\/uploads\/2025\/07\/mla.jpg\",\"width\":469,\"height\":263,\"caption\":\"manille de levage articul\u00e9e MLA\"},{\"@type\":\"BreadcrumbList\",\"@id\":\"https:\/\/codipro.net\/pt-pt\/produtos\/manilha-de-elevacao-articulada-mla\/#breadcrumb\",\"itemListElement\":[{\"@type\":\"ListItem\",\"position\":1,\"name\":\"Home\",\"item\":\"https:\/\/codipro.net\/pt-pt\/\"},{\"@type\":\"ListItem\",\"position\":2,\"name\":\"Produtos\",\"item\":\"https:\/\/codipro.net\/pt-pt\/produtos\/\"},{\"@type\":\"ListItem\",\"position\":3,\"name\":\"MLA Manilha de eleva\u00e7\u00e3o articulada\"}]},{\"@type\":\"WebSite\",\"@id\":\"https:\/\/codipro.net\/pt-pt\/#website\",\"url\":\"https:\/\/codipro.net\/pt-pt\/\",\"name\":\"CODIPRO\",\"description\":\"O especialista do olhal de eleva\u00e7\u00e3o articulado\",\"publisher\":{\"@id\":\"https:\/\/codipro.net\/pt-pt\/#organization\"},\"potentialAction\":[{\"@type\":\"SearchAction\",\"target\":{\"@type\":\"EntryPoint\",\"urlTemplate\":\"https:\/\/codipro.net\/pt-pt\/?s={search_term_string}\"},\"query-input\":{\"@type\":\"PropertyValueSpecification\",\"valueRequired\":true,\"valueName\":\"search_term_string\"}}],\"inLanguage\":\"pt-PT\"},{\"@type\":\"Organization\",\"@id\":\"https:\/\/codipro.net\/pt-pt\/#organization\",\"name\":\"CODIPRO\",\"url\":\"https:\/\/codipro.net\/pt-pt\/\",\"logo\":{\"@type\":\"ImageObject\",\"inLanguage\":\"pt-PT\",\"@id\":\"https:\/\/codipro.net\/pt-pt\/#\/schema\/logo\/image\/\",\"url\":\"https:\/\/codipro.net\/app\/uploads\/2022\/08\/codipro-logo-1.svg\",\"contentUrl\":\"https:\/\/codipro.net\/app\/uploads\/2022\/08\/codipro-logo-1.svg\",\"width\":\"1024\",\"height\":\"1024\",\"caption\":\"CODIPRO\"},\"image\":{\"@id\":\"https:\/\/codipro.net\/pt-pt\/#\/schema\/logo\/image\/\"},\"sameAs\":[\"https:\/\/linkedin.com\/company\/codipro\",\"https:\/\/www.youtube.com\/c\/CodiproSAWiltz\",\"https:\/\/vimeo.com\/codipro\"]}]}<\/script>\n<!-- \/ Yoast SEO plugin. -->","yoast_head_json":{"title":"MLA Manilha de eleva\u00e7\u00e3o articulada | CODIPRO","description":"A manilha MLA \u00e9 projetada para elevar cargas de at\u00e9 250 toneladas!","robots":{"index":"index","follow":"follow","max-snippet":"max-snippet:-1","max-image-preview":"max-image-preview:large","max-video-preview":"max-video-preview:-1"},"canonical":"https:\/\/codipro.net\/pt-pt\/produtos\/manilha-de-elevacao-articulada-mla\/","og_locale":"pt_PT","og_type":"article","og_title":"MLA Manilha de eleva\u00e7\u00e3o articulada | CODIPRO","og_description":"A manilha MLA \u00e9 projetada para elevar cargas de at\u00e9 250 toneladas!","og_url":"https:\/\/codipro.net\/pt-pt\/produtos\/manilha-de-elevacao-articulada-mla\/","og_site_name":"CODIPRO","article_modified_time":"2025-08-27T13:11:02+00:00","og_image":[{"width":469,"height":263,"url":"https:\/\/codipro.net\/app\/uploads\/2025\/07\/mla.jpg","type":"image\/jpeg"}],"twitter_card":"summary_large_image","twitter_misc":{"Est. reading time":"2 minutes"},"schema":{"@context":"https:\/\/schema.org","@graph":[{"@type":"WebPage","@id":"https:\/\/codipro.net\/pt-pt\/produtos\/manilha-de-elevacao-articulada-mla\/","url":"https:\/\/codipro.net\/pt-pt\/produtos\/manilha-de-elevacao-articulada-mla\/","name":"MLA Manilha de eleva\u00e7\u00e3o articulada | CODIPRO","isPartOf":{"@id":"https:\/\/codipro.net\/pt-pt\/#website"},"primaryImageOfPage":{"@id":"https:\/\/codipro.net\/pt-pt\/produtos\/manilha-de-elevacao-articulada-mla\/#primaryimage"},"image":{"@id":"https:\/\/codipro.net\/pt-pt\/produtos\/manilha-de-elevacao-articulada-mla\/#primaryimage"},"thumbnailUrl":"https:\/\/codipro.net\/app\/uploads\/2025\/07\/mla.jpg","datePublished":"2025-07-16T07:39:39+00:00","dateModified":"2025-08-27T13:11:02+00:00","description":"A manilha MLA \u00e9 projetada para elevar cargas de at\u00e9 250 toneladas!","breadcrumb":{"@id":"https:\/\/codipro.net\/pt-pt\/produtos\/manilha-de-elevacao-articulada-mla\/#breadcrumb"},"inLanguage":"pt-PT","potentialAction":[{"@type":"ReadAction","target":["https:\/\/codipro.net\/pt-pt\/produtos\/manilha-de-elevacao-articulada-mla\/"]}]},{"@type":"ImageObject","inLanguage":"pt-PT","@id":"https:\/\/codipro.net\/pt-pt\/produtos\/manilha-de-elevacao-articulada-mla\/#primaryimage","url":"https:\/\/codipro.net\/app\/uploads\/2025\/07\/mla.jpg","contentUrl":"https:\/\/codipro.net\/app\/uploads\/2025\/07\/mla.jpg","width":469,"height":263,"caption":"manille de levage articul\u00e9e MLA"},{"@type":"BreadcrumbList","@id":"https:\/\/codipro.net\/pt-pt\/produtos\/manilha-de-elevacao-articulada-mla\/#breadcrumb","itemListElement":[{"@type":"ListItem","position":1,"name":"Home","item":"https:\/\/codipro.net\/pt-pt\/"},{"@type":"ListItem","position":2,"name":"Produtos","item":"https:\/\/codipro.net\/pt-pt\/produtos\/"},{"@type":"ListItem","position":3,"name":"MLA Manilha de eleva\u00e7\u00e3o articulada"}]},{"@type":"WebSite","@id":"https:\/\/codipro.net\/pt-pt\/#website","url":"https:\/\/codipro.net\/pt-pt\/","name":"CODIPRO","description":"O especialista do olhal de eleva\u00e7\u00e3o articulado","publisher":{"@id":"https:\/\/codipro.net\/pt-pt\/#organization"},"potentialAction":[{"@type":"SearchAction","target":{"@type":"EntryPoint","urlTemplate":"https:\/\/codipro.net\/pt-pt\/?s={search_term_string}"},"query-input":{"@type":"PropertyValueSpecification","valueRequired":true,"valueName":"search_term_string"}}],"inLanguage":"pt-PT"},{"@type":"Organization","@id":"https:\/\/codipro.net\/pt-pt\/#organization","name":"CODIPRO","url":"https:\/\/codipro.net\/pt-pt\/","logo":{"@type":"ImageObject","inLanguage":"pt-PT","@id":"https:\/\/codipro.net\/pt-pt\/#\/schema\/logo\/image\/","url":"https:\/\/codipro.net\/app\/uploads\/2022\/08\/codipro-logo-1.svg","contentUrl":"https:\/\/codipro.net\/app\/uploads\/2022\/08\/codipro-logo-1.svg","width":"1024","height":"1024","caption":"CODIPRO"},"image":{"@id":"https:\/\/codipro.net\/pt-pt\/#\/schema\/logo\/image\/"},"sameAs":["https:\/\/linkedin.com\/company\/codipro","https:\/\/www.youtube.com\/c\/CodiproSAWiltz","https:\/\/vimeo.com\/codipro"]}]}},"_links":{"self":[{"href":"https:\/\/codipro.net\/pt-pt\/wp-json\/wp\/v2\/product\/18105","targetHints":{"allow":["GET"]}}],"collection":[{"href":"https:\/\/codipro.net\/pt-pt\/wp-json\/wp\/v2\/product"}],"about":[{"href":"https:\/\/codipro.net\/pt-pt\/wp-json\/wp\/v2\/types\/product"}],"author":[{"embeddable":true,"href":"https:\/\/codipro.net\/pt-pt\/wp-json\/wp\/v2\/users\/4"}],"replies":[{"embeddable":true,"href":"https:\/\/codipro.net\/pt-pt\/wp-json\/wp\/v2\/comments?post=18105"}],"version-history":[{"count":3,"href":"https:\/\/codipro.net\/pt-pt\/wp-json\/wp\/v2\/product\/18105\/revisions"}],"predecessor-version":[{"id":18277,"href":"https:\/\/codipro.net\/pt-pt\/wp-json\/wp\/v2\/product\/18105\/revisions\/18277"}],"wp:featuredmedia":[{"embeddable":true,"href":"https:\/\/codipro.net\/pt-pt\/wp-json\/wp\/v2\/media\/17617"}],"wp:attachment":[{"href":"https:\/\/codipro.net\/pt-pt\/wp-json\/wp\/v2\/media?parent=18105"}],"curies":[{"name":"wp","href":"https:\/\/api.w.org\/{rel}","templated":true}]}}